{"id":1897,"date":"2023-05-18T15:04:33","date_gmt":"2023-05-18T15:04:33","guid":{"rendered":"https:\/\/neolabs.ca\/contact\/"},"modified":"2023-11-15T19:36:06","modified_gmt":"2023-11-15T19:36:06","slug":"contact","status":"publish","type":"page","link":"https:\/\/neolabs.ca\/fr\/contact\/","title":{"rendered":"Contact"},"content":{"rendered":"<p><div class=\"fusion-fullwidth fullwidth-box fusion-builder-row-1 fusion-flex-container has-pattern-background has-mask-background fusion-parallax-none nonhundred-percent-fullwidth non-hundred-percent-height-scrolling lazyload fusion-animated\" style=\"--awb-border-radius-top-left:0px;--awb-border-radius-top-right:0px;--awb-border-radius-bottom-right:0px;--awb-border-radius-bottom-left:0px;--awb-padding-top:8vw;--awb-padding-bottom:8vw;--awb-background-image:linear-gradient(180deg, hsla(var(--awb-color8-h),var(--awb-color8-s),var(--awb-color8-l),calc(var(--awb-color8-a) - 40%)) 0%,hsla(var(--awb-color8-h),var(--awb-color8-s),var(--awb-color8-l),calc(var(--awb-color8-a) - 40%)) 100%);;--awb-background-size:cover;--awb-flex-wrap:wrap;--awb-animation-color:var(--awb-color8);\" data-bg=\"https:\/\/neolabs.ca\/wp-content\/uploads\/2023\/05\/banner-13.jpg\" data-bg-gradient=\"linear-gradient(180deg, hsla(var(--awb-color8-h),var(--awb-color8-s),var(--awb-color8-l),calc(var(--awb-color8-a) - 40%)) 0%,hsla(var(--awb-color8-h),var(--awb-color8-s),var(--awb-color8-l),calc(var(--awb-color8-a) - 40%)) 100%)\" data-animationType=\"revealInLeft\" data-animationDuration=\"1.3\" data-animationOffset=\"top-into-view\" ><div class=\"fusion-builder-row fusion-row fusion-flex-align-items-flex-start fusion-flex-justify-content-center fusion-flex-content-wrap\" style=\"max-width:1248px;margin-left: calc(-4% \/ 2 );margin-right: calc(-4% \/ 2 );\"><div class=\"fusion-layout-column fusion_builder_column fusion-builder-column-0 fusion_builder_column_3_4 3_4 fusion-flex-column fusion-animated\" style=\"--awb-bg-size:cover;--awb-width-large:75%;--awb-margin-top-large:0px;--awb-spacing-right-large:2.56%;--awb-margin-bottom-large:0px;--awb-spacing-left-large:2.56%;--awb-width-medium:75%;--awb-order-medium:0;--awb-spacing-right-medium:2.56%;--awb-spacing-left-medium:2.56%;--awb-width-small:100%;--awb-order-small:0;--awb-spacing-right-small:1.92%;--awb-spacing-left-small:1.92%;\" data-animationType=\"fadeInUp\" data-animationDuration=\"1.3\" data-animationDelay=\"1.3\" data-animationOffset=\"top-into-view\"><div class=\"fusion-column-wrapper fusion-column-has-shadow fusion-flex-justify-content-flex-start fusion-content-layout-column\"><div class=\"fusion-title title fusion-title-1 fusion-sep-none fusion-title-center fusion-title-text fusion-title-size-div\" style=\"--awb-text-color:var(--awb-color2);--awb-margin-top:0px;--awb-margin-bottom:30px;--awb-margin-top-small:10px;--awb-margin-right-small:0px;--awb-margin-bottom-small:10px;--awb-margin-left-small:0px;--awb-font-size:var(--awb-typography2-font-size);\"><div class=\"fusion-title-heading title-heading-center title-heading-tag\" style=\"font-family:var(--awb-typography2-font-family);font-weight:var(--awb-typography2-font-weight);font-style:var(--awb-typography2-font-style);margin:0;letter-spacing:var(--awb-typography2-letter-spacing);text-transform:var(--awb-typography2-text-transform);font-size:1em;line-height:var(--awb-typography2-line-height);\"><u>  Contactez-nous<\/u><\/div><\/div><div class=\"fusion-title title fusion-title-2 fusion-no-small-visibility fusion-no-medium-visibility fusion-sep-none fusion-title-center fusion-title-text fusion-title-size-one\" style=\"--awb-margin-top:0px;--awb-margin-bottom:40px;--awb-margin-top-small:10px;--awb-margin-right-small:0px;--awb-margin-bottom-small:10px;--awb-margin-left-small:0px;\"><h1 class=\"fusion-title-heading title-heading-center\" style=\"margin:0;\">Parlons de votre projet<\/h1><\/div><div class=\"fusion-text fusion-text-1 fusion-text-no-margin\" style=\"--awb-content-alignment:center;--awb-text-color:var(--awb-color1);--awb-margin-right:15px;--awb-margin-bottom:0px;--awb-margin-left:15px;\"><p>Nous avons de l\u2019exp\u00e9rience dans le travail avec diff\u00e9rentes plates-formes, syst\u00e8mes et appareils pour cr\u00e9er des produits compatibles et accessibles.<\/p>\n<\/div><\/div><\/div><\/div><\/div><div class=\"fusion-fullwidth fullwidth-box fusion-builder-row-2 fusion-flex-container has-pattern-background has-mask-background nonhundred-percent-fullwidth non-hundred-percent-height-scrolling\" style=\"--link_color: var(--awb-color2);--awb-border-radius-top-left:0px;--awb-border-radius-top-right:0px;--awb-border-radius-bottom-right:0px;--awb-border-radius-bottom-left:0px;--awb-padding-top:130px;--awb-padding-bottom:130px;--awb-padding-top-medium:90px;--awb-padding-bottom-medium:90px;--awb-padding-top-small:0px;--awb-flex-wrap:wrap;\" ><div class=\"fusion-builder-row fusion-row fusion-flex-align-items-flex-start fusion-flex-content-wrap\" style=\"max-width:1248px;margin-left: calc(-4% \/ 2 );margin-right: calc(-4% \/ 2 );\"><div class=\"fusion-layout-column fusion_builder_column fusion-builder-column-1 fusion_builder_column_2_5 2_5 fusion-flex-column fusion-animated\" style=\"--awb-bg-size:cover;--awb-width-large:40%;--awb-margin-top-large:0px;--awb-spacing-right-large:4.8%;--awb-margin-bottom-large:0px;--awb-spacing-left-large:4.8%;--awb-width-medium:40%;--awb-order-medium:0;--awb-spacing-right-medium:4.8%;--awb-spacing-left-medium:4.8%;--awb-width-small:100%;--awb-order-small:0;--awb-spacing-right-small:1.92%;--awb-margin-bottom-small:50px;--awb-spacing-left-small:1.92%;\" data-animationType=\"fadeInLeft\" data-animationDuration=\"1.3\" data-animationOffset=\"top-into-view\"><div class=\"fusion-column-wrapper fusion-column-has-shadow fusion-flex-justify-content-flex-start fusion-content-layout-column\"><div class=\"fusion-image-element \" style=\"--awb-caption-title-font-family:var(--h2_typography-font-family);--awb-caption-title-font-weight:var(--h2_typography-font-weight);--awb-caption-title-font-style:var(--h2_typography-font-style);--awb-caption-title-size:var(--h2_typography-font-size);--awb-caption-title-transform:var(--h2_typography-text-transform);--awb-caption-title-line-height:var(--h2_typography-line-height);--awb-caption-title-letter-spacing:var(--h2_typography-letter-spacing);\"><span class=\" fusion-imageframe imageframe-none imageframe-1 hover-type-none\" style=\"border-radius:5px;\"><img decoding=\"async\" width=\"936\" height=\"1266\" title=\"info-17\" src=\"data:image\/svg+xml,%3Csvg%20xmlns%3D%27http%3A%2F%2Fwww.w3.org%2F2000%2Fsvg%27%20width%3D%27936%27%20height%3D%271266%27%20viewBox%3D%270%200%20936%201266%27%3E%3Crect%20width%3D%27936%27%20height%3D%271266%27%20fill-opacity%3D%220%22%2F%3E%3C%2Fsvg%3E\" data-orig-src=\"https:\/\/neolabs.ca\/wp-content\/uploads\/2023\/05\/info-17.jpg\" alt class=\"lazyload img-responsive wp-image-1688\"\/><\/span><\/div><\/div><\/div><div class=\"fusion-layout-column fusion_builder_column fusion-builder-column-2 fusion_builder_column_3_5 3_5 fusion-flex-column fusion-animated\" style=\"--awb-bg-size:cover;--awb-width-large:60%;--awb-margin-top-large:0px;--awb-spacing-right-large:3.2%;--awb-margin-bottom-large:0px;--awb-spacing-left-large:16%;--awb-width-medium:60%;--awb-order-medium:0;--awb-spacing-right-medium:3.2%;--awb-spacing-left-medium:8.64%;--awb-width-small:100%;--awb-order-small:0;--awb-spacing-right-small:1.92%;--awb-spacing-left-small:1.92%;\" data-animationType=\"fadeInRight\" data-animationDuration=\"1.3\" data-animationOffset=\"top-into-view\"><div class=\"fusion-column-wrapper fusion-column-has-shadow fusion-flex-justify-content-flex-start fusion-content-layout-column\"><div class=\"fusion-title title fusion-title-3 fusion-sep-none fusion-title-text fusion-title-size-two\" style=\"--awb-margin-top-small:10px;--awb-margin-right-small:0px;--awb-margin-bottom-small:10px;--awb-margin-left-small:0px;\"><h2 class=\"fusion-title-heading title-heading-left\" style=\"margin:0;\">Des services de programmation professionnels auxquels vous pouvez faire confiance<\/h2><\/div><div class=\"fusion-text fusion-text-2\"><p>\ud83c\udf1f Planifiez votre appel de pr\u00e9-production ! \ud83d\udcc5<\/p>\n<p>Nous sommes ravis de passer \u00e0 l\u2019\u00e9tape suivante pour donner vie \u00e0 votre vision ! Avant de plonger dans les d\u00e9tails passionnants de votre projet, connectons-nous pour un appel de pr\u00e9-production personnalis\u00e9. C\u2019est l\u2019occasion id\u00e9ale pour nous de faire connaissance, de discuter de vos objectifs et de d\u00e9finir la feuille de route d\u2019une collaboration r\u00e9ussie.<\/p>\n<p><strong>Pourquoi r\u00e9server un appel de pr\u00e9-production ?<\/strong><br \/>\n\u2705 Clarifiez les objectifs de votre projet<br \/>\n\u2705 Discutez des \u00e9ch\u00e9anciers et des \u00e9ch\u00e9ances<br \/>\n\u2705 R\u00e9pondre \u00e0 toute question ou pr\u00e9occupation<br \/>\n\u2705 Adaptez notre approche pour r\u00e9pondre \u00e0 vos besoins uniques<\/p>\n<p>Il est facile de r\u00e9server votre appel de pr\u00e9-production. Il vous suffit de cliquer sur le lien ci-dessous pour acc\u00e9der \u00e0 notre plateforme Calendly et choisir l\u2019heure qui vous convient le mieux. Nous voulons nous assurer que notre conversation est pratique et s\u2019int\u00e8gre parfaitement \u00e0 votre emploi du temps.<\/p>\n<p>Nous sommes impatients de nous associer \u00e0 vous et de cr\u00e9er quelque chose d\u2019extraordinaire ensemble ! Si vous avez des questions imm\u00e9diates, n\u2019h\u00e9sitez pas \u00e0 nous contacter.<\/p>\n<p>Sinceres salutations<\/p>\n<p>L\u2019\u00e9quipe Neolabs Studio<br \/>\n<!-- Calendly inline widget begin --><\/p>\n<div class=\"calendly-inline-widget\" style=\"min-width: 320px; height: 700px;\" data-url=\"https:\/\/calendly.com\/neolabs?hide_gdpr_banner=1&amp;background_color=1a1a1a&amp;text_color=ffffff&amp;primary_color=ff9a00\"><\/div>\n<p><script type=\"text\/javascript\" src=\"https:\/\/assets.calendly.com\/assets\/external\/widget.js\" async=\"\"><\/script><br \/>\n<!-- Calendly inline widget end --><\/p>\n<\/div><\/div><\/div><\/div><\/div><\/p>\n","protected":false},"excerpt":{"rendered":"","protected":false},"author":1,"featured_media":1790,"parent":0,"menu_order":0,"comment_status":"closed","ping_status":"closed","template":"100-width.php","meta":{"_acf_changed":false,"footnotes":""},"class_list":["post-1897","page","type-page","status-publish","has-post-thumbnail","hentry"],"acf":[],"yoast_head":"<!-- This site is optimized with the Yoast SEO plugin v27.5 - https:\/\/yoast.com\/product\/yoast-seo-wordpress\/ -->\n<title>Contactez Neolabs: Contactez-nous pour des solutions expertes de conception Web et de marketing num\u00e9rique<\/title>\n<meta name=\"description\" content=\"Contactez Neolabs, votre partenaire d\u00e9di\u00e9 \u00e0 la conception Web, \u00e0 l\u2019image de marque et aux strat\u00e9gies de marketing num\u00e9rique. Contactez-nous au 514-583-0052 pour vous lancer dans un voyage num\u00e9rique transformateur.\" \/>\n<meta name=\"robots\" content=\"index, follow, max-snippet:-1, max-image-preview:large, max-video-preview:-1\" \/>\n<link rel=\"canonical\" href=\"https:\/\/neolabs.ca\/fr\/contact\/\" \/>\n<meta property=\"og:locale\" content=\"fr_FR\" \/>\n<meta property=\"og:type\" content=\"article\" \/>\n<meta property=\"og:title\" content=\"Contactez Neolabs: Contactez-nous pour des solutions expertes de conception Web et de marketing num\u00e9rique\" \/>\n<meta property=\"og:description\" content=\"Contactez Neolabs, votre partenaire d\u00e9di\u00e9 \u00e0 la conception Web, \u00e0 l\u2019image de marque et aux strat\u00e9gies de marketing num\u00e9rique. Contactez-nous au 514-583-0052 pour vous lancer dans un voyage num\u00e9rique transformateur.\" \/>\n<meta property=\"og:url\" content=\"https:\/\/neolabs.ca\/fr\/contact\/\" \/>\n<meta property=\"og:site_name\" content=\"Neolabs\" \/>\n<meta property=\"article:modified_time\" content=\"2023-11-15T19:36:06+00:00\" \/>\n<meta property=\"og:image\" content=\"https:\/\/neolabs.ca\/wp-content\/uploads\/2023\/08\/IMG_7770-scaled.jpg\" \/>\n\t<meta property=\"og:image:width\" content=\"1920\" \/>\n\t<meta property=\"og:image:height\" content=\"2560\" \/>\n\t<meta property=\"og:image:type\" content=\"image\/jpeg\" \/>\n<meta name=\"twitter:card\" content=\"summary_large_image\" \/>\n<meta name=\"twitter:label1\" content=\"Dur\u00e9e de lecture estim\u00e9e\" \/>\n\t<meta name=\"twitter:data1\" content=\"10 minutes\" \/>\n<script type=\"application\/ld+json\" class=\"yoast-schema-graph\">{\"@context\":\"https:\\\/\\\/schema.org\",\"@graph\":[{\"@type\":\"WebPage\",\"@id\":\"https:\\\/\\\/neolabs.ca\\\/fr\\\/contact\\\/\",\"url\":\"https:\\\/\\\/neolabs.ca\\\/fr\\\/contact\\\/\",\"name\":\"Contactez Neolabs: Contactez-nous pour des solutions expertes de conception Web et de marketing num\u00e9rique\",\"isPartOf\":{\"@id\":\"https:\\\/\\\/neolabs.ca\\\/fr\\\/#website\"},\"primaryImageOfPage\":{\"@id\":\"https:\\\/\\\/neolabs.ca\\\/fr\\\/contact\\\/#primaryimage\"},\"image\":{\"@id\":\"https:\\\/\\\/neolabs.ca\\\/fr\\\/contact\\\/#primaryimage\"},\"thumbnailUrl\":\"https:\\\/\\\/neolabs.ca\\\/wp-content\\\/uploads\\\/2023\\\/08\\\/IMG_7770-scaled.jpg\",\"datePublished\":\"2023-05-18T15:04:33+00:00\",\"dateModified\":\"2023-11-15T19:36:06+00:00\",\"description\":\"Contactez Neolabs, votre partenaire d\u00e9di\u00e9 \u00e0 la conception Web, \u00e0 l\u2019image de marque et aux strat\u00e9gies de marketing num\u00e9rique. Contactez-nous au 514-583-0052 pour vous lancer dans un voyage num\u00e9rique transformateur.\",\"breadcrumb\":{\"@id\":\"https:\\\/\\\/neolabs.ca\\\/fr\\\/contact\\\/#breadcrumb\"},\"inLanguage\":\"fr-FR\",\"potentialAction\":[{\"@type\":\"ReadAction\",\"target\":[\"https:\\\/\\\/neolabs.ca\\\/fr\\\/contact\\\/\"]}]},{\"@type\":\"ImageObject\",\"inLanguage\":\"fr-FR\",\"@id\":\"https:\\\/\\\/neolabs.ca\\\/fr\\\/contact\\\/#primaryimage\",\"url\":\"https:\\\/\\\/neolabs.ca\\\/wp-content\\\/uploads\\\/2023\\\/08\\\/IMG_7770-scaled.jpg\",\"contentUrl\":\"https:\\\/\\\/neolabs.ca\\\/wp-content\\\/uploads\\\/2023\\\/08\\\/IMG_7770-scaled.jpg\",\"width\":1920,\"height\":2560},{\"@type\":\"BreadcrumbList\",\"@id\":\"https:\\\/\\\/neolabs.ca\\\/fr\\\/contact\\\/#breadcrumb\",\"itemListElement\":[{\"@type\":\"ListItem\",\"position\":1,\"name\":\"Home\",\"item\":\"https:\\\/\\\/neolabs.ca\\\/fr\\\/accueil\\\/\"},{\"@type\":\"ListItem\",\"position\":2,\"name\":\"Contact\"}]},{\"@type\":\"WebSite\",\"@id\":\"https:\\\/\\\/neolabs.ca\\\/fr\\\/#website\",\"url\":\"https:\\\/\\\/neolabs.ca\\\/fr\\\/\",\"name\":\"Neolabs\",\"description\":\"Web Marketers\",\"publisher\":{\"@id\":\"https:\\\/\\\/neolabs.ca\\\/fr\\\/#organization\"},\"potentialAction\":[{\"@type\":\"SearchAction\",\"target\":{\"@type\":\"EntryPoint\",\"urlTemplate\":\"https:\\\/\\\/neolabs.ca\\\/fr\\\/?s={search_term_string}\"},\"query-input\":{\"@type\":\"PropertyValueSpecification\",\"valueRequired\":true,\"valueName\":\"search_term_string\"}}],\"inLanguage\":\"fr-FR\"},{\"@type\":\"Organization\",\"@id\":\"https:\\\/\\\/neolabs.ca\\\/fr\\\/#organization\",\"name\":\"Neolabs\",\"url\":\"https:\\\/\\\/neolabs.ca\\\/fr\\\/\",\"logo\":{\"@type\":\"ImageObject\",\"inLanguage\":\"fr-FR\",\"@id\":\"https:\\\/\\\/neolabs.ca\\\/fr\\\/#\\\/schema\\\/logo\\\/image\\\/\",\"url\":\"https:\\\/\\\/neolabs.ca\\\/wp-content\\\/uploads\\\/2023\\\/06\\\/NeoLabs-Complexe-logo.png\",\"contentUrl\":\"https:\\\/\\\/neolabs.ca\\\/wp-content\\\/uploads\\\/2023\\\/06\\\/NeoLabs-Complexe-logo.png\",\"width\":1920,\"height\":1080,\"caption\":\"Neolabs\"},\"image\":{\"@id\":\"https:\\\/\\\/neolabs.ca\\\/fr\\\/#\\\/schema\\\/logo\\\/image\\\/\"}}]}<\/script>\n<!-- \/ Yoast SEO plugin. -->","yoast_head_json":{"title":"Contactez Neolabs: Contactez-nous pour des solutions expertes de conception Web et de marketing num\u00e9rique","description":"Contactez Neolabs, votre partenaire d\u00e9di\u00e9 \u00e0 la conception Web, \u00e0 l\u2019image de marque et aux strat\u00e9gies de marketing num\u00e9rique. Contactez-nous au 514-583-0052 pour vous lancer dans un voyage num\u00e9rique transformateur.","robots":{"index":"index","follow":"follow","max-snippet":"max-snippet:-1","max-image-preview":"max-image-preview:large","max-video-preview":"max-video-preview:-1"},"canonical":"https:\/\/neolabs.ca\/fr\/contact\/","og_locale":"fr_FR","og_type":"article","og_title":"Contactez Neolabs: Contactez-nous pour des solutions expertes de conception Web et de marketing num\u00e9rique","og_description":"Contactez Neolabs, votre partenaire d\u00e9di\u00e9 \u00e0 la conception Web, \u00e0 l\u2019image de marque et aux strat\u00e9gies de marketing num\u00e9rique. Contactez-nous au 514-583-0052 pour vous lancer dans un voyage num\u00e9rique transformateur.","og_url":"https:\/\/neolabs.ca\/fr\/contact\/","og_site_name":"Neolabs","article_modified_time":"2023-11-15T19:36:06+00:00","og_image":[{"width":1920,"height":2560,"url":"https:\/\/neolabs.ca\/wp-content\/uploads\/2023\/08\/IMG_7770-scaled.jpg","type":"image\/jpeg"}],"twitter_card":"summary_large_image","twitter_misc":{"Dur\u00e9e de lecture estim\u00e9e":"10 minutes"},"schema":{"@context":"https:\/\/schema.org","@graph":[{"@type":"WebPage","@id":"https:\/\/neolabs.ca\/fr\/contact\/","url":"https:\/\/neolabs.ca\/fr\/contact\/","name":"Contactez Neolabs: Contactez-nous pour des solutions expertes de conception Web et de marketing num\u00e9rique","isPartOf":{"@id":"https:\/\/neolabs.ca\/fr\/#website"},"primaryImageOfPage":{"@id":"https:\/\/neolabs.ca\/fr\/contact\/#primaryimage"},"image":{"@id":"https:\/\/neolabs.ca\/fr\/contact\/#primaryimage"},"thumbnailUrl":"https:\/\/neolabs.ca\/wp-content\/uploads\/2023\/08\/IMG_7770-scaled.jpg","datePublished":"2023-05-18T15:04:33+00:00","dateModified":"2023-11-15T19:36:06+00:00","description":"Contactez Neolabs, votre partenaire d\u00e9di\u00e9 \u00e0 la conception Web, \u00e0 l\u2019image de marque et aux strat\u00e9gies de marketing num\u00e9rique. Contactez-nous au 514-583-0052 pour vous lancer dans un voyage num\u00e9rique transformateur.","breadcrumb":{"@id":"https:\/\/neolabs.ca\/fr\/contact\/#breadcrumb"},"inLanguage":"fr-FR","potentialAction":[{"@type":"ReadAction","target":["https:\/\/neolabs.ca\/fr\/contact\/"]}]},{"@type":"ImageObject","inLanguage":"fr-FR","@id":"https:\/\/neolabs.ca\/fr\/contact\/#primaryimage","url":"https:\/\/neolabs.ca\/wp-content\/uploads\/2023\/08\/IMG_7770-scaled.jpg","contentUrl":"https:\/\/neolabs.ca\/wp-content\/uploads\/2023\/08\/IMG_7770-scaled.jpg","width":1920,"height":2560},{"@type":"BreadcrumbList","@id":"https:\/\/neolabs.ca\/fr\/contact\/#breadcrumb","itemListElement":[{"@type":"ListItem","position":1,"name":"Home","item":"https:\/\/neolabs.ca\/fr\/accueil\/"},{"@type":"ListItem","position":2,"name":"Contact"}]},{"@type":"WebSite","@id":"https:\/\/neolabs.ca\/fr\/#website","url":"https:\/\/neolabs.ca\/fr\/","name":"Neolabs","description":"Web Marketers","publisher":{"@id":"https:\/\/neolabs.ca\/fr\/#organization"},"potentialAction":[{"@type":"SearchAction","target":{"@type":"EntryPoint","urlTemplate":"https:\/\/neolabs.ca\/fr\/?s={search_term_string}"},"query-input":{"@type":"PropertyValueSpecification","valueRequired":true,"valueName":"search_term_string"}}],"inLanguage":"fr-FR"},{"@type":"Organization","@id":"https:\/\/neolabs.ca\/fr\/#organization","name":"Neolabs","url":"https:\/\/neolabs.ca\/fr\/","logo":{"@type":"ImageObject","inLanguage":"fr-FR","@id":"https:\/\/neolabs.ca\/fr\/#\/schema\/logo\/image\/","url":"https:\/\/neolabs.ca\/wp-content\/uploads\/2023\/06\/NeoLabs-Complexe-logo.png","contentUrl":"https:\/\/neolabs.ca\/wp-content\/uploads\/2023\/06\/NeoLabs-Complexe-logo.png","width":1920,"height":1080,"caption":"Neolabs"},"image":{"@id":"https:\/\/neolabs.ca\/fr\/#\/schema\/logo\/image\/"}}]}},"_links":{"self":[{"href":"https:\/\/neolabs.ca\/fr\/wp-json\/wp\/v2\/pages\/1897","targetHints":{"allow":["GET"]}}],"collection":[{"href":"https:\/\/neolabs.ca\/fr\/wp-json\/wp\/v2\/pages"}],"about":[{"href":"https:\/\/neolabs.ca\/fr\/wp-json\/wp\/v2\/types\/page"}],"author":[{"embeddable":true,"href":"https:\/\/neolabs.ca\/fr\/wp-json\/wp\/v2\/users\/1"}],"replies":[{"embeddable":true,"href":"https:\/\/neolabs.ca\/fr\/wp-json\/wp\/v2\/comments?post=1897"}],"version-history":[{"count":62,"href":"https:\/\/neolabs.ca\/fr\/wp-json\/wp\/v2\/pages\/1897\/revisions"}],"predecessor-version":[{"id":2213,"href":"https:\/\/neolabs.ca\/fr\/wp-json\/wp\/v2\/pages\/1897\/revisions\/2213"}],"wp:featuredmedia":[{"embeddable":true,"href":"https:\/\/neolabs.ca\/fr\/wp-json\/wp\/v2\/media\/1790"}],"wp:attachment":[{"href":"https:\/\/neolabs.ca\/fr\/wp-json\/wp\/v2\/media?parent=1897"}],"curies":[{"name":"wp","href":"https:\/\/api.w.org\/{rel}","templated":true}]}}